{"id":111,"date":"2024-09-08T21:58:31","date_gmt":"2024-09-08T19:58:31","guid":{"rendered":"http:\/\/agnieszkaptakfizjoterapia.pl\/?page_id=111"},"modified":"2025-01-01T15:32:21","modified_gmt":"2025-01-01T14:32:21","slug":"do-pobrania","status":"publish","type":"page","link":"http:\/\/agnieszkaptakfizjoterapia.pl\/?page_id=111","title":{"rendered":"Do pobrania"},"content":{"rendered":"\t\t<div data-elementor-type=\"wp-page\" data-elementor-id=\"111\" class=\"elementor elementor-111\">\n\t\t\t\t<div class=\"elementor-element elementor-element-5961bf1e e-con-full e-flex e-con e-parent\" data-id=\"5961bf1e\" data-element_type=\"container\">\n\t\t\t\t<div class=\"elementor-element elementor-element-a9171c8 elementor-widget elementor-widget-text-editor\" data-id=\"a9171c8\" data-element_type=\"widget\" data-widget_type=\"text-editor.default\">\n\t\t\t\t<div class=\"elementor-widget-container\">\n\t\t\t\t\t\t\t\t\t<p>Szanowni Pa\u0144stwo,\u00a0<\/p>\n<p><!-- \/wp:paragraph --><!-- wp:paragraph --><\/p>\n<p>zapraszam do pobrania darmowego przewodnika dotycz\u0105cego uk\u0142adania noworodka na brzuszku.<\/p>\n<p><!-- \/wp:paragraph --><!-- wp:paragraph --><\/p>\n<p>Przewodnik skierowany jest g\u0142\u00f3wnie do rodzic\u00f3w i zawiera podstawowe informacje dotycz\u0105ce celowo\u015bci stosowania tej pozycji jak i\u00a0 podstawowe porady dla pocz\u0105tkuj\u0105cych zar\u00f3wno rodzic\u00f3w jak i maluszk\u00f3w.<\/p>\n<p><!-- \/wp:paragraph --><!-- wp:file {\"id\":112,\"href\":\"http:\/\/agnieszkaptakfizjoterapia.pl\/wp-content\/uploads\/2024\/09\/ABC-LEZENIA-NA-BRZUSZKU-EBOOK.pdf\",\"displayPreview\":true} --><\/p>\n<div class=\"wp-block-file\"><object class=\"wp-block-file__embed\" style=\"width: 27px; height: 73px;\" data=\"http:\/\/agnieszkaptakfizjoterapia.pl\/wp-content\/uploads\/2024\/09\/ABC-LEZENIA-NA-BRZUSZKU-EBOOK.pdf\" type=\"application\/pdf\" width=\"300\" height=\"150\" aria-label=\"ABC LE\u017bENIA NA BRZUSZKU EBOOK\"><\/object><a id=\"wp-block-file--media-fb2d1080-a9a6-4b85-b2af-c4db00d591dc\" href=\"http:\/\/agnieszkaptakfizjoterapia.pl\/wp-content\/uploads\/2024\/09\/ABC-LEZENIA-NA-BRZUSZKU-EBOOK.pdf\">ABC LE\u017bENIA NA BRZUSZKU EBOOK<\/a><a class=\"wp-block-file__button wp-element-button\" href=\"http:\/\/agnieszkaptakfizjoterapia.pl\/wp-content\/uploads\/2024\/09\/ABC-LEZENIA-NA-BRZUSZKU-EBOOK.pdf\" download=\"\" aria-describedby=\"wp-block-file--media-fb2d1080-a9a6-4b85-b2af-c4db00d591dc\">Pobierz<\/a><\/div>\n<p><!-- \/wp:file --><\/p>\t\t\t\t\t\t\t\t<\/div>\n\t\t\t\t<\/div>\n\t\t\t\t<\/div>\n\t\t\t\t<\/div>\n\t\t","protected":false},"excerpt":{"rendered":"<p>Szanowni Pa\u0144stwo,\u00a0 zapraszam do pobrania darmowego przewodnika dotycz\u0105cego uk\u0142adania noworodka na brzuszku. Przewodnik skierowany jest g\u0142\u00f3wnie do rodzic\u00f3w i zawiera podstawowe informacje dotycz\u0105ce celowo\u015bci stosowania tej pozycji jak i\u00a0 podstawowe porady dla pocz\u0105tkuj\u0105cych zar\u00f3wno rodzic\u00f3w jak i maluszk\u00f3w. ABC LE\u017bENIA NA BRZUSZKU EBOOKPobierz<\/p>\n","protected":false},"author":1,"featured_media":0,"parent":0,"menu_order":0,"comment_status":"closed","ping_status":"closed","template":"","meta":{"footnotes":""},"class_list":["post-111","page","type-page","status-publish","hentry"],"_links":{"self":[{"href":"http:\/\/agnieszkaptakfizjoterapia.pl\/index.php?rest_route=\/wp\/v2\/pages\/111","targetHints":{"allow":["GET"]}}],"collection":[{"href":"http:\/\/agnieszkaptakfizjoterapia.pl\/index.php?rest_route=\/wp\/v2\/pages"}],"about":[{"href":"http:\/\/agnieszkaptakfizjoterapia.pl\/index.php?rest_route=\/wp\/v2\/types\/page"}],"author":[{"embeddable":true,"href":"http:\/\/agnieszkaptakfizjoterapia.pl\/index.php?rest_route=\/wp\/v2\/users\/1"}],"replies":[{"embeddable":true,"href":"http:\/\/agnieszkaptakfizjoterapia.pl\/index.php?rest_route=%2Fwp%2Fv2%2Fcomments&post=111"}],"version-history":[{"count":7,"href":"http:\/\/agnieszkaptakfizjoterapia.pl\/index.php?rest_route=\/wp\/v2\/pages\/111\/revisions"}],"predecessor-version":[{"id":153,"href":"http:\/\/agnieszkaptakfizjoterapia.pl\/index.php?rest_route=\/wp\/v2\/pages\/111\/revisions\/153"}],"wp:attachment":[{"href":"http:\/\/agnieszkaptakfizjoterapia.pl\/index.php?rest_route=%2Fwp%2Fv2%2Fmedia&parent=111"}],"curies":[{"name":"wp","href":"https:\/\/api.w.org\/{rel}","templated":true}]}}