{"id":53,"date":"2024-08-08T01:12:10","date_gmt":"2024-08-07T23:12:10","guid":{"rendered":"http:\/\/agnieszkaptakfizjoterapia.pl\/?page_id=53"},"modified":"2025-01-01T15:51:46","modified_gmt":"2025-01-01T14:51:46","slug":"publikacje","status":"publish","type":"page","link":"http:\/\/agnieszkaptakfizjoterapia.pl\/?page_id=53","title":{"rendered":"Publikacje"},"content":{"rendered":"\t\t<div data-elementor-type=\"wp-page\" data-elementor-id=\"53\" class=\"elementor elementor-53\">\n\t\t\t\t<div class=\"elementor-element elementor-element-36a6daa9 e-con-full e-flex e-con e-parent\" data-id=\"36a6daa9\" data-element_type=\"container\">\n\t\t\t\t<div class=\"elementor-element elementor-element-49c9607b elementor-widget elementor-widget-text-editor\" data-id=\"49c9607b\" data-element_type=\"widget\" data-widget_type=\"text-editor.default\">\n\t\t\t\t<div class=\"elementor-widget-container\">\n\t\t\t\t\t\t\t\t\t<pre class=\"wp-block-verse\">Baza Publikacji \n \n\n1<\/pre>\n<p><!-- \/wp:verse --><!-- wp:paragraph --><\/p>\n<p>Olszewska K, Ptak A, Rusak A, D\u0119biec-B\u0105k A, Stefa\u0144ska M.<br \/>Changes in the scar tissue structure after cesarean section as a result of manual therapy<br \/>Advances in Clinical and Experimental Medicine<br \/>2024 : vol. 33, nr 4, s. 387-395, ryc., tab., bibliogr. 33 poz.<br \/>Available from: http:\/\/advances.umw.edu.pl\/en\/article\/2024\/33\/4\/387\/<br \/>doi: 10.17219\/acem\/169236<\/p>\n<p><!-- \/wp:paragraph --><!-- wp:paragraph --><\/p>\n<p>2<\/p>\n<p><!-- \/wp:paragraph --><!-- wp:paragraph --><\/p>\n<p>Stefa\u0144ska M, De Koker R, De Wachter E, D\u0119biec-B\u0105k A, Ptak A.<br \/>Assessment of the level of physical activity and mood in students after a year of study in a mixed mode in the conditions of restrictions<br \/>resulting from the pandemic<br \/>International Journal of Environmental Research and Public Health<br \/>2023 : vol. 20, nr 5, art. 4311, s. 1-13, tab., bibliogr. 67 poz.<br \/>Available from: http:\/\/www.mdpi.com\/1660-4601\/20\/5\/4311<br \/>doi: 10.3390\/ijerph20054311<\/p>\n<p><!-- \/wp:paragraph --><!-- wp:paragraph --><\/p>\n<p>3<\/p>\n<p><!-- \/wp:paragraph --><!-- wp:paragraph --><\/p>\n<p>D\u0119biec-B\u0105k A, Skrzek A, Ptak A, Majerski K, Uiberlayova I, Stefa\u0144ska M.<br \/>Evaluation of the surface temperature distribution of the feet in patients with type 2 diabetes using the thermovision method<br \/>Physiotherapy Quarterly<br \/>2023 : vol. 31, nr 2, s. 92-97, ryc., tab., bibliogr. 25 poz.<\/p>\n<p>Available from: http:\/\/www.termedia.pl\/Evaluation-of-the-surface-temperature-distribution-of-the-feet-in-patients-with-type-<br \/>2-diabetes-using-the-thermovision-method,128,50179,1,1.html\u00a0<span style=\"background-color: var(--wp--preset--color--background); color: var( --e-global-color-text ); font-family: var( --e-global-typography-text-font-family ), Sans-serif; font-size: var(--wp--preset--font-size--small); font-weight: var( --e-global-typography-text-font-weight ); text-align: var(--text-align);\">doi: 10.5114\/pq.2024.125293<\/span><\/p>\n<p><!-- \/wp:paragraph --><!-- wp:paragraph --><\/p>\n<p><!-- \/wp:paragraph --><!-- wp:paragraph --><\/p>\n<p>4<\/p>\n<p><!-- \/wp:paragraph --><!-- wp:paragraph --><\/p>\n<p>D\u0119biec-B\u0105k A, Skrzek A, Ptak A, Majerski K, Uiberlayova I, Stefa\u0144ska M, Podbielska H.<br \/>Advantages of thermovision imaging for PPPM approach to diabetic foot<br \/>In: W: Predictive, preventive, and personalised medicine : from bench to bedside \/ Halina Podbielska, Marko Kapalla Eds<br \/>Cham : Springer, 2023<br \/>s. 233-242 : ryc., tab., bibliogr. 47 poz.<br \/>Available from: http:\/\/link.springer.com\/chapter\/10.1007\/978-3-031-34884-6_13<br \/>doi: 10.1007\/978-3-031-34884-6_13<\/p>\n<p><!-- \/wp:paragraph --><!-- wp:paragraph --><\/p>\n<p>5<\/p>\n<p><!-- \/wp:paragraph --><!-- wp:paragraph --><\/p>\n<p>Ptak A, D\u0119biec-B\u0105k A, Stefa\u0144ska M.<br \/>Assessment of viscoelastic parameters of muscles in children aged 4-9 months with minor qualitative impairment of the motor pattern<br \/>after Vojta therapy implementation<br \/>International Journal of Environmental Research and Public Health<br \/>2022 : vol. 19, nr 16, art. 10448, s. 1-9, ryc., tab., bibliogr. 39 poz.<br \/>Available from: http:\/\/www.mdpi.com\/1660-4601\/19\/16\/10448<br \/>doi: doi.org\/10.3390\/ijerph191610448<\/p>\n<p><!-- \/wp:paragraph --><!-- wp:paragraph --><\/p>\n<p>6<\/p>\n<p><!-- \/wp:paragraph --><!-- wp:paragraph --><\/p>\n<p>Ptak A, Mi\u0119kczy\u0144ska D, D\u0119biec-B\u0105k A, Stefa\u0144ska M.<br \/>The occurrence of the sensory processing disorder in children depending on the type and time of delivery : a pilot study<br \/>International Journal of Environmental Research and Public Health<br \/>2022 : vol. 19, nr 11, art. 6893, s. 1-7, tab., bibliogr 27 poz.<br \/>Available from: http:\/\/www.mdpi.com\/1660-4601\/19\/11\/6893\/htm<br \/>doi: 10.3390\/ijerph19116893<\/p>\n<p><!-- \/wp:paragraph --><!-- wp:paragraph --><\/p>\n<p>7<\/p>\n<p><!-- \/wp:paragraph --><!-- wp:paragraph --><\/p>\n<p>Ptak A, D\u0119biec-B\u0105k A, Stefa\u0144ska M.<br \/>Thermographic of the microcirculation in healthy children aged 3-10 months as an objective and noninvasive method of assessment<br \/>International Journal of Environmental Research and Public Health<br \/>2022 : vol. 19, nr 23, art. 16072, s. 1-6, ryc., tab., bibliogr. 28 poz.<br \/>Available from: http:\/\/www.mdpi.com\/1660-4601\/19\/23\/16072<br \/>doi: 10.3390\/ijerph192316072<\/p>\n<p><!-- \/wp:paragraph --><!-- wp:paragraph --><\/p>\n<p>8<\/p>\n<p><!-- \/wp:paragraph --><!-- wp:paragraph --><\/p>\n<p>D\u0119biec-B\u0105k A, Ptak A, Majerski K, Uiberlayova I, Stefa\u0144ska M.<br \/>Analiza mikrokr\u0105\u017cenia powierzchniowego st\u00f3p u pacjent\u00f3w z cukrzyc\u0105 typu II w badaniach termowizyjnych<br \/>In: W: XI Mi\u0119dzynarodowe Dni Fizjoterapii : od juniora do seniora &#8211; fizjoterapia \u0142\u0105czy pokolenia, 26-28 maja 2022, Wroc\u0142aw :<br \/>streszczenia<br \/>[Wroc\u0142aw : Akademia Wychowania Fizycznego we Wroc\u0142awiu, 2022]<br \/>s. 72-74<\/p>\n<p><!-- \/wp:paragraph --><!-- wp:paragraph --><\/p>\n<p>9<\/p>\n<p><!-- \/wp:paragraph --><!-- wp:paragraph --><\/p>\n<p>Ptak A, Stefa\u0144ska M, D\u0119biec-B\u0105k A, De Koker R, Vos J, De Wachter E.<br \/>Ocena aktywno\u015bci fizycznej po roku nauki mieszanej prowadzonej w warunkach ogranicze\u0144 spowodowanych COVID-19<br \/>In: W: XI Mi\u0119dzynarodowe Dni Fizjoterapii : od juniora do seniora &#8211; fizjoterapia \u0142\u0105czy pokolenia, 26-28 maja 2022, Wroc\u0142aw :<br \/>streszczenia<br \/>[Wroc\u0142aw : Akademia Wychowania Fizycznego we Wroc\u0142awiu, 2022]<br \/>s. 71-72<\/p>\n<p><!-- \/wp:paragraph --><!-- wp:paragraph --><\/p>\n<p>10<\/p>\n<p><!-- \/wp:paragraph --><!-- wp:paragraph --><\/p>\n<p>Stefa\u0144ska M, Ptak A, D\u0119biec-B\u0105k A, De Koker R, Vos J, De Wachter E.<br \/>Ocena dobrostanu psychicznego student\u00f3w po roku nauki prowadzonej w warunkach ogranicze\u0144 spowodowanych COVID-19<br \/>In: W: XI Mi\u0119dzynarodowe Dni Fizjoterapii : od juniora do seniora &#8211; fizjoterapia \u0142\u0105czy pokolenia, 26-28 maja 2022, Wroc\u0142aw :<br \/>streszczenia<br \/>[Wroc\u0142aw : Akademia Wychowania Fizycznego we Wroc\u0142awiu, 2022]<br \/>s. 69-71<\/p>\n<p><!-- \/wp:paragraph --><!-- wp:paragraph --><\/p>\n<p>11<\/p>\n<p><!-- \/wp:paragraph --><!-- wp:paragraph --><\/p>\n<p>Wdowiak P, D\u0119biec-B\u0105k A, Stefa\u0144ska M, Ptak A, Karska K, S\u0142owi\u0144ska-Karska K, \u015aliwi\u0144ski Z.<br \/>Ocena parametr\u00f3w spirometrycznych u dzieci ze skolioz\u0105 idiopatyczn\u0105 leczonych metod\u0105 FED<br \/>In: W: XV Konferencja Naukowa Polskiego Towarzystwa Fizjoterapii : perspektywy rozwoju fizjoterapii : II Konferencja Polskiego<br \/>Stowarzyszenia Specjalist\u00f3w Fizjoterapii : IV Konferencja PTF M\u0142odych Naukowc\u00f3w<br \/>Pabianice, 2022<br \/>s. 33<\/p>\n<p><!-- \/wp:paragraph --><!-- wp:paragraph --><\/p>\n<p>12<\/p>\n<p><!-- \/wp:paragraph --><!-- wp:paragraph --><\/p>\n<p>W\u00f3jtowicz D, Ptak A, \u015awitkowska S, Stefa\u0144ska M.<br \/>Effectiveness of sensory stimulation among children with impaired psychomotor development : a pilot study<br \/>Physiotherapy Quarterly<br \/>2021 : vol. 29, nr 2, s. 67-72, tab., bibliogr. 20 poz.<\/p>\n<p><!-- \/wp:paragraph --><!-- wp:paragraph --><\/p>\n<p>Available from: http:\/\/www.termedia.pl\/Effectiveness-of-sensory-stimulation-among-children-with-impaired-psychomotor-<br \/>development-a-pilot-study,128,42201,0,1.html<\/p>\n<p><!-- \/wp:paragraph --><!-- wp:paragraph --><\/p>\n<p>doi: 10.5114\/pq.2020.100285<\/p>\n<p><!-- \/wp:paragraph --><!-- wp:paragraph --><\/p>\n<p>13<\/p>\n<p><!-- \/wp:paragraph --><!-- wp:paragraph --><\/p>\n<p>Wdowiak P, D\u0119biec-B\u0105k A, Stefa\u0144ska M, Ptak A, Karska K, S\u0142owi\u0144ska-Karska K, \u015aliwi\u0144ski Z.<br \/>Analiza dynamiki zmian w mikrokr\u0105\u017ceniu wybranych obszar\u00f3w cia\u0142a po stymulacji metod\u0105 Vojty dzieci w wieku 3-10 miesi\u0105ca<br \/>In: W: Potrzeby i standardy wsp\u00f3\u0142czesnej rehabilitacji : XIV mi\u0119dzynarodowe Dni Rehabilitacji, Rzesz\u00f3w, 24-25 lutego 2022 r. :<br \/>konferencja online : streszczenia \/ pod red. Teresy Pop, Andrzeja Kwolka, And\u017celiny Wolan-Nierody, Joanny Baran.<br \/>Rzesz\u00f3w : Bonus Liber Sp. z o.o., 2022<br \/>s. 306-308<\/p>\n<p><!-- \/wp:paragraph --><!-- wp:paragraph --><\/p>\n<p>14<\/p>\n<p><!-- \/wp:paragraph --><!-- wp:paragraph --><\/p>\n<p>Browarska A, Ptak A.<br \/>Rodzicu, poznaj mnie : poradnik szcz\u0119\u015bliwego rodzica<br \/>[Wroc\u0142aw] : Specjali\u015bci Dzieciom, 2021<br \/>118 s. : fot., il.,bibliogr. przy rozdz.<\/p>\n<p><!-- \/wp:paragraph --><!-- wp:paragraph --><\/p>\n<p>15<\/p>\n<p><!-- \/wp:paragraph --><!-- wp:paragraph --><\/p>\n<p>D\u0119biec-B\u0105k A, W\u00f3jtowicz D, Pawik \u0141, Ptak A, Skrzek A.<br \/>Analysis of body surface temperatures in people with Down syndrome after general rehabilitation exercise<br \/>Journal of Thermal Analysis and Calorimetry<br \/>2019 : vol. 135, nr 4, s. 2399-2410, ryc. tab. bibliogr. 36 poz.<br \/>Available from: http:\/\/dx.doi.org\/10.1007\/s10973-018-7345-1<br \/>doi: 10.1007\/s10973-018-7345-1<\/p>\n<p><!-- \/wp:paragraph --><!-- wp:paragraph --><\/p>\n<p>16<\/p>\n<p><!-- \/wp:paragraph --><!-- wp:paragraph --><\/p>\n<p>W\u00f3jtowicz D, Roshko J, Ptak A, D\u0119biec-B\u0105k A, Skrzek A.<br \/>The efficiency of rehabilitation for self-service eating in institutionalized children aged 2-6 years with mental and motor retardation<br \/>Physiotherapy Quarterly<br \/>2017 : t. 25, nr 2, s. 10-16, ryc., tab., bibliogr. 34 poz.<br \/>Available from: http:\/\/www.termedia.pl\/The-efficiency-of-rehabilitation-for-self-service-eating-in-institutionalized-children-aged-2-6-<br \/>years-with-mental-and-motor-retardation,128,31772,0,1.html<br \/>doi: 10.5114\/pq.2018.73367<\/p>\n<p><!-- \/wp:paragraph --><!-- wp:paragraph --><\/p>\n<p>17<\/p>\n<p><!-- \/wp:paragraph --><!-- wp:paragraph --><\/p>\n<p>Ptak A, W\u00f3jtowicz D, Poznar E, Demczuk-W\u0142odarczyk E.<br \/>Przebieg procesu nabywania kompetencji spo\u0142ecznych u dziecka z agenezj\u0105 lewej p\u00f3\u0142kuli m\u00f3zgowej, zamieszka\u0142ego w zak\u0142adzie<br \/>opieku\u0144czo-leczniczym, pod wp\u0142ywem indywidualnie prowadzonego programu terapii zaj\u0119ciowej<br \/>Fizjoterapia<br \/>2014 : vol. 22, nr 3, s. 31-39, ryc., bibliogr. 25 poz., sum.<br \/>Available from: http:\/\/www.termedia.pl\/Journal\/Physiotherapy_Quarterly-128\/Archive<br \/>doi: 10.15.15\/physio-2014-0013<\/p>\n<p><!-- \/wp:paragraph --><!-- wp:paragraph --><\/p>\n<p>18<\/p>\n<p><!-- \/wp:paragraph --><!-- wp:paragraph --><\/p>\n<p>Ptak A.<br \/>Przebieg procesu nabywania kompetencji spo\u0142ecznych w zakresie obs\u0142ugiwania siebie pod wp\u0142ywem terapii zaj\u0119ciowej u dzieci<br \/>zamieszka\u0142ych w zak\u0142adzie opieku\u0144czo-leczniczym<br \/>In: W: Terapia zaj\u0119ciowa : perspektywa mi\u0119dzynarodowa = Occupational therapy : the international perspective<br \/>Krak\u00f3w : Akademia Wychowania Fizycznego im. Bronis\u0142awa Czecha, 2012<br \/>s. 187-203 : ryc., bibliogr. 24 poz.<\/p>\n<p><!-- \/wp:paragraph --><!-- wp:paragraph --><\/p>\n<p>19<\/p>\n<p><!-- \/wp:paragraph --><!-- wp:paragraph --><\/p>\n<p>Ptak A, Demczuk-W\u0142odarczyk E, W\u00f3jtowicz D.<br \/>Charakterystyka rozwoju funkcji spo\u0142ecznych dziecka z przepuklin\u0105 oponowo-rdzeniow\u0105 pod wp\u0142ywem indywidualnie dobranego<br \/>programu terapii zaj\u0119ciowej<br \/>Fizjoterapia<br \/>2011 : t.19, nr 1, s.20-27, ryc. bibliogr. 17 poz. sum.<\/p>\n<p><!-- \/wp:paragraph --><\/p>\t\t\t\t\t\t\t\t<\/div>\n\t\t\t\t<\/div>\n\t\t\t\t<\/div>\n\t\t\t\t<\/div>\n\t\t","protected":false},"excerpt":{"rendered":"<p>Baza Publikacji 1 Olszewska K, Ptak A, Rusak A, D\u0119biec-B\u0105k A, Stefa\u0144ska M.Changes in the scar tissue structure after cesarean section as a result of manual therapyAdvances in Clinical and Experimental Medicine2024 : vol. 33, nr 4, s. 387-395, ryc., tab., bibliogr. 33 poz.Available from: http:\/\/advances.umw.edu.pl\/en\/article\/2024\/33\/4\/387\/doi: 10.17219\/acem\/169236 2 Stefa\u0144ska M, De Koker R, De Wachter [&hellip;]<\/p>\n","protected":false},"author":1,"featured_media":0,"parent":0,"menu_order":0,"comment_status":"closed","ping_status":"closed","template":"","meta":{"footnotes":""},"class_list":["post-53","page","type-page","status-publish","hentry"],"_links":{"self":[{"href":"http:\/\/agnieszkaptakfizjoterapia.pl\/index.php?rest_route=\/wp\/v2\/pages\/53","targetHints":{"allow":["GET"]}}],"collection":[{"href":"http:\/\/agnieszkaptakfizjoterapia.pl\/index.php?rest_route=\/wp\/v2\/pages"}],"about":[{"href":"http:\/\/agnieszkaptakfizjoterapia.pl\/index.php?rest_route=\/wp\/v2\/types\/page"}],"author":[{"embeddable":true,"href":"http:\/\/agnieszkaptakfizjoterapia.pl\/index.php?rest_route=\/wp\/v2\/users\/1"}],"replies":[{"embeddable":true,"href":"http:\/\/agnieszkaptakfizjoterapia.pl\/index.php?rest_route=%2Fwp%2Fv2%2Fcomments&post=53"}],"version-history":[{"count":5,"href":"http:\/\/agnieszkaptakfizjoterapia.pl\/index.php?rest_route=\/wp\/v2\/pages\/53\/revisions"}],"predecessor-version":[{"id":158,"href":"http:\/\/agnieszkaptakfizjoterapia.pl\/index.php?rest_route=\/wp\/v2\/pages\/53\/revisions\/158"}],"wp:attachment":[{"href":"http:\/\/agnieszkaptakfizjoterapia.pl\/index.php?rest_route=%2Fwp%2Fv2%2Fmedia&parent=53"}],"curies":[{"name":"wp","href":"https:\/\/api.w.org\/{rel}","templated":true}]}}