{"id":83,"date":"2024-08-08T18:32:55","date_gmt":"2024-08-08T16:32:55","guid":{"rendered":"http:\/\/agnieszkaptakfizjoterapia.pl\/?page_id=83"},"modified":"2025-01-01T20:46:33","modified_gmt":"2025-01-01T19:46:33","slug":"mozart","status":"publish","type":"page","link":"http:\/\/agnieszkaptakfizjoterapia.pl\/?page_id=83","title":{"rendered":"Mozart"},"content":{"rendered":"\t\t<div data-elementor-type=\"wp-page\" data-elementor-id=\"83\" class=\"elementor elementor-83\">\n\t\t\t\t<div class=\"elementor-element elementor-element-1fe10add e-flex e-con-boxed e-con e-parent\" data-id=\"1fe10add\" data-element_type=\"container\">\n\t\t\t\t\t<div class=\"e-con-inner\">\n\t\t\t\t<div class=\"elementor-element elementor-element-5340f512 elementor-widget elementor-widget-text-editor\" data-id=\"5340f512\" data-element_type=\"widget\" data-widget_type=\"text-editor.default\">\n\t\t\t\t<div class=\"elementor-widget-container\">\n\t\t\t\t\t\t\t\t\t<p><\/p>\n<p>Je\u015bli chcesz skorzysta\u0107 z konsultacji w ramach projektu Mozart, chcesz zapyta\u0107 o sposoby zach\u0119cenia swojego maluszka do le\u017cenia na brzuszku, to w dniu 18.05.2024 w godzinach 9:00-11:00 jestem do Waszej dyspozycji w Przed-Pok\u00f3j H13 \u015awidnicka 43-45. Zapraszam serdecznie!<\/p>\n<p><\/p>\n<figure class=\"wp-block-image size-full\"><img fetchpriority=\"high\" decoding=\"async\" width=\"1024\" height=\"578\" class=\"wp-image-84\" src=\"http:\/\/agnieszkaptakfizjoterapia.pl\/wp-content\/uploads\/2024\/08\/mozzart.jpg\" alt=\"\" srcset=\"http:\/\/agnieszkaptakfizjoterapia.pl\/wp-content\/uploads\/2024\/08\/mozzart.jpg 1024w, http:\/\/agnieszkaptakfizjoterapia.pl\/wp-content\/uploads\/2024\/08\/mozzart-300x169.jpg 300w, http:\/\/agnieszkaptakfizjoterapia.pl\/wp-content\/uploads\/2024\/08\/mozzart-768x434.jpg 768w\" sizes=\"(max-width: 1024px) 100vw, 1024px\" \/><\/figure>\n<p><\/p>\n<p>Czym jest i dlaczego jest taki wa\u017cny \u201eczas na brzuszku\u201d lub inaczej le\u017cenie na<br>brzuszku?<br>Czas na brzuszku to jedno z pierwszych \u0107wicze\u0144 dziecka \u2014 i najwa\u017cniejsze! To<br>pierwszy trening ma\u0142ego cz\u0142owieka i jest on niezb\u0119dny! Mo\u017cna powiedzie\u0107 bezcenny.<br>Dlaczego?<br>Czas na brzuszku to okres w ci\u0105gu dnia, kt\u00f3ry dziecko sp\u0119dza le\u017c\u0105c na brzuszku,<br>gdy jest aktywne. Jest to kluczowe \u0107wiczenie dla rozwoju motorycznego,<br>poznawczego w tym sensorycznego i spo\u0142ecznego dziecka.<br>W tym czasie maluszek rozpoczyna pierwszy trening mi\u0119\u015bni posturalnych kt\u00f3re s\u0105<br>niezb\u0119dne dla :<br>-mo\u017cliwo\u015bci unoszenia g\u0142owy i sterowania ruchami g\u0142owy<br>-rozwijania umiej\u0119tno\u015bci podpierania si\u0119 na r\u0119kach \u2013 zgodnie z kolejnymi kamieniami<br>milowymi rozwoju<\/p>\n<p><\/p>\n<ul class=\"wp-block-list\"><p><\/p>\n<li>prawid\u0142owej pozycji i pracy \u017cuchwy i j\u0119zyka \u2013 element\u00f3w niezb\u0119dnych podczas<br>pobierania pokarmu<\/li>\n<p><\/p>\n<li>mo\u017cliwo\u015bci osi\u0105gania kolejnych kamieni milowych rozwoju w czasie w kt\u00f3rym<br>fizjologicznie one wyst\u0119puj\u0105<br>Bardzo wa\u017cne!!!<br>Mo\u017ce zapobiega\u0107<\/li>\n<p><\/p>\n<li>rozwojowi deformacji czaszki znanej jako plagiocefalia<\/li>\n<p><\/p>\n<li>utrwaleniu asymetrii ustawienia g\u0142owy (znanej jako kr\u0119cz)<br>Kiedy mo\u017cna rozpocz\u0105\u0107 trening le\u017cenia na brzuszku ?<br>Zaraz po powrocie ze szpitala do domu jest mo\u017cliwe rozpocz\u0119cie le\u017cenia na<br>brzuszku.<br>Dziecko mo\u017ce rozpocz\u0105\u0107 le\u017cenie na brzuszku jako noworodek i powinno<br>kontynuowa\u0107 czas na brzuszku przez ca\u0142y pierwszy rok \u017cycia.<br>Jak du\u017co czasu w ci\u0105gu dnia moje dziecko powinno sp\u0119dza\u0107 w pozycji le\u017cenia na<br>brzuszku?<br>Rozpocznij od 15-20 minut dziennie sp\u0119dzonych na brzuszku w sesjach<br>podzielonych- to pozwoli Ci po\u0142o\u017cy\u0107 maluszka oko\u0142o 4-6 razy dziennie na brzuszku w<br>okresie noworodkowym. Wraz ze wzrostem maluszka staraj si\u0119 coraz cz\u0119\u015bciej i<br>d\u0142u\u017cej bawi\u0107 si\u0119 z maluszkiem w pozycji na brzuszku, tak aby na 12 tygodni by\u0142a to<br>zupe\u0142nie naturalna pozycja w kt\u00f3rej maluszek sp\u0119dza po\u0142ow\u0119 czasu czuwania<br>poznaj\u0105c \u015bwiat.<\/li>\n<p><\/p><\/ul>\n<p><\/p>\n<p>W jakim wieku dziecko powinno przesta\u0107 sp\u0119dza\u0107 czas na brzuszku?<br>Mi\u0119dzy 7 a 9 miesi\u0105cem \u017cycia maluszek rozpocznie przygod\u0119 z czworakowaniem,<br>b\u0119dzie to moment w kt\u00f3rym coraz rzadziej b\u0119dzie sp\u0119dza\u0142 czas na brzuszku a<br>zacznie korzysta\u0107 z pozycji wy\u017cszych s\u0142u\u017c\u0105cych celom lokomocyjnym. Nadal jednak<br>mo\u017ce wraca\u0107 do pozycji na brzuszku je\u015bli tylko b\u0119dzie to mu potrzebne w zabawie.<\/p>\n<p><\/p>\n<div data-wp-interactive=\"core\/file\" class=\"wp-block-file\"><object data-wp-bind--hidden=\"!state.hasPdfPreview\" hidden class=\"wp-block-file__embed\" style=\"width: 37px; height: 61px;\" data=\"http:\/\/agnieszkaptakfizjoterapia.pl\/wp-content\/uploads\/2024\/08\/Broszura_Lezenia-na-brzuszku.pdf\" type=\"application\/pdf\" width=\"300\" height=\"150\" aria-label=\"Osadzone z Broszura_Le\u017cenia na brzuszku.\"><\/object><a id=\"wp-block-file--media-eef4b8b2-f8e2-4d8a-8107-dd2cd71238f4\" href=\"http:\/\/agnieszkaptakfizjoterapia.pl\/wp-content\/uploads\/2024\/08\/Broszura_Lezenia-na-brzuszku.pdf\">Broszura_Le\u017cenia na brzuszku<\/a><a class=\"wp-block-file__button wp-element-button\" href=\"http:\/\/agnieszkaptakfizjoterapia.pl\/wp-content\/uploads\/2024\/08\/Broszura_Lezenia-na-brzuszku.pdf\" download=\"\" aria-describedby=\"wp-block-file--media-eef4b8b2-f8e2-4d8a-8107-dd2cd71238f4\">Pobierz<\/a><\/div>\n<p><\/p>\t\t\t\t\t\t\t\t<\/div>\n\t\t\t\t<\/div>\n\t\t\t\t\t<\/div>\n\t\t\t\t<\/div>\n\t\t\t\t<\/div>\n\t\t","protected":false},"excerpt":{"rendered":"<p>Je\u015bli chcesz skorzysta\u0107 z konsultacji w ramach projektu Mozart, chcesz zapyta\u0107 o sposoby zach\u0119cenia swojego maluszka do le\u017cenia na brzuszku, to w dniu 18.05.2024 w godzinach 9:00-11:00 jestem do Waszej dyspozycji w Przed-Pok\u00f3j H13 \u015awidnicka 43-45. Zapraszam serdecznie! Czym jest i dlaczego jest taki wa\u017cny \u201eczas na brzuszku\u201d lub inaczej le\u017cenie nabrzuszku?Czas na brzuszku to [&hellip;]<\/p>\n","protected":false},"author":1,"featured_media":0,"parent":0,"menu_order":0,"comment_status":"closed","ping_status":"closed","template":"","meta":{"footnotes":""},"class_list":["post-83","page","type-page","status-publish","hentry"],"_links":{"self":[{"href":"http:\/\/agnieszkaptakfizjoterapia.pl\/index.php?rest_route=\/wp\/v2\/pages\/83","targetHints":{"allow":["GET"]}}],"collection":[{"href":"http:\/\/agnieszkaptakfizjoterapia.pl\/index.php?rest_route=\/wp\/v2\/pages"}],"about":[{"href":"http:\/\/agnieszkaptakfizjoterapia.pl\/index.php?rest_route=\/wp\/v2\/types\/page"}],"author":[{"embeddable":true,"href":"http:\/\/agnieszkaptakfizjoterapia.pl\/index.php?rest_route=\/wp\/v2\/users\/1"}],"replies":[{"embeddable":true,"href":"http:\/\/agnieszkaptakfizjoterapia.pl\/index.php?rest_route=%2Fwp%2Fv2%2Fcomments&post=83"}],"version-history":[{"count":7,"href":"http:\/\/agnieszkaptakfizjoterapia.pl\/index.php?rest_route=\/wp\/v2\/pages\/83\/revisions"}],"predecessor-version":[{"id":238,"href":"http:\/\/agnieszkaptakfizjoterapia.pl\/index.php?rest_route=\/wp\/v2\/pages\/83\/revisions\/238"}],"wp:attachment":[{"href":"http:\/\/agnieszkaptakfizjoterapia.pl\/index.php?rest_route=%2Fwp%2Fv2%2Fmedia&parent=83"}],"curies":[{"name":"wp","href":"https:\/\/api.w.org\/{rel}","templated":true}]}}