{"id":89,"date":"2024-08-08T18:38:19","date_gmt":"2024-08-08T16:38:19","guid":{"rendered":"http:\/\/agnieszkaptakfizjoterapia.pl\/?page_id=89"},"modified":"2025-08-31T13:20:29","modified_gmt":"2025-08-31T11:20:29","slug":"od-zyj","status":"publish","type":"page","link":"http:\/\/agnieszkaptakfizjoterapia.pl\/?page_id=89","title":{"rendered":"Od-\u017byj"},"content":{"rendered":"\n<p>Zapraszam serdecznie do udzia\u0142u w projekcie Od-\u017byj. Program jest finansowany przez Miasto Wroc\u0142aw<\/p>\n\n\n\n<p>a realizowany w Specjalistycznym Szpitalu im. Falkiewicza na Brochowie.<\/p>\n\n\n\n<p>Je\u017celi potrzebujecie Pa\u0144stwo pomocy w zakresie fizjoterapii maluszka, kt\u00f3ry przyszed\u0142 na \u015bwiat zbyt wcze\u015bnie, zapraszam do kontaktu:<\/p>\n\n\n\n<p>odzyj@falkiewicza.pl.<\/p>\n\n\n\n<p><\/p>\n\n\n\n<figure class=\"wp-block-image aligncenter size-full is-resized\"><img fetchpriority=\"high\" decoding=\"async\" width=\"348\" height=\"313\" src=\"http:\/\/agnieszkaptakfizjoterapia.pl\/wp-content\/uploads\/2024\/08\/1-2.png\" alt=\"\" class=\"wp-image-90\" style=\"width:556px;height:auto\" srcset=\"http:\/\/agnieszkaptakfizjoterapia.pl\/wp-content\/uploads\/2024\/08\/1-2.png 348w, http:\/\/agnieszkaptakfizjoterapia.pl\/wp-content\/uploads\/2024\/08\/1-2-300x270.png 300w\" sizes=\"(max-width: 348px) 100vw, 348px\" \/><\/figure>\n","protected":false},"excerpt":{"rendered":"<p>Zapraszam serdecznie do udzia\u0142u w projekcie Od-\u017byj. Program jest finansowany przez Miasto Wroc\u0142aw a realizowany w Specjalistycznym Szpitalu im. Falkiewicza na Brochowie. Je\u017celi potrzebujecie Pa\u0144stwo pomocy w zakresie fizjoterapii maluszka, kt\u00f3ry przyszed\u0142 na \u015bwiat zbyt wcze\u015bnie, zapraszam do kontaktu: odzyj@falkiewicza.pl.<\/p>\n","protected":false},"author":1,"featured_media":0,"parent":0,"menu_order":0,"comment_status":"closed","ping_status":"closed","template":"","meta":{"footnotes":""},"class_list":["post-89","page","type-page","status-publish","hentry"],"_links":{"self":[{"href":"http:\/\/agnieszkaptakfizjoterapia.pl\/index.php?rest_route=\/wp\/v2\/pages\/89","targetHints":{"allow":["GET"]}}],"collection":[{"href":"http:\/\/agnieszkaptakfizjoterapia.pl\/index.php?rest_route=\/wp\/v2\/pages"}],"about":[{"href":"http:\/\/agnieszkaptakfizjoterapia.pl\/index.php?rest_route=\/wp\/v2\/types\/page"}],"author":[{"embeddable":true,"href":"http:\/\/agnieszkaptakfizjoterapia.pl\/index.php?rest_route=\/wp\/v2\/users\/1"}],"replies":[{"embeddable":true,"href":"http:\/\/agnieszkaptakfizjoterapia.pl\/index.php?rest_route=%2Fwp%2Fv2%2Fcomments&post=89"}],"version-history":[{"count":5,"href":"http:\/\/agnieszkaptakfizjoterapia.pl\/index.php?rest_route=\/wp\/v2\/pages\/89\/revisions"}],"predecessor-version":[{"id":245,"href":"http:\/\/agnieszkaptakfizjoterapia.pl\/index.php?rest_route=\/wp\/v2\/pages\/89\/revisions\/245"}],"wp:attachment":[{"href":"http:\/\/agnieszkaptakfizjoterapia.pl\/index.php?rest_route=%2Fwp%2Fv2%2Fmedia&parent=89"}],"curies":[{"name":"wp","href":"https:\/\/api.w.org\/{rel}","templated":true}]}}