{"id":252,"date":"2025-08-31T14:57:48","date_gmt":"2025-08-31T12:57:48","guid":{"rendered":"https:\/\/agnieszkaptakfizjoterapia.pl\/?page_id=252"},"modified":"2025-08-31T14:57:48","modified_gmt":"2025-08-31T12:57:48","slug":"klauzula-rodo","status":"publish","type":"page","link":"https:\/\/agnieszkaptakfizjoterapia.pl\/?page_id=252","title":{"rendered":"Klauzula RODO"},"content":{"rendered":"\n<h1 class=\"wp-block-heading\"><strong>KLAUZULA OBOWI\u0104ZKU INFORMACYJNEGO<\/strong><\/h1>\n\n\n\n<p>Administratorem Twoich danych osobowych jest Agnieszka Ptak, prowadz\u0105ca dzia\u0142alno\u015b\u0107 gospodarcz\u0105 pod nazw\u0105 US\u0141UGI TERAPEUTYCZNO-SZKOLENIOWE AGNIESZKA PTAK, ul. Wile\u0144ska 25\/4, 52-113 Wroc\u0142aw, NIP 8992330212, REGON 022066281., dalej: \u201eAdministrator&#8221; w rozumieniu art. 4 ust. 7 Rozporz\u0105dzenia Parlamentu Europejskiego i Rady (UE) 2016\/679 z dnia 27 kwietnia 2016 r. w sprawie ochrony os\u00f3b fizycznych w zwi\u0105zku z przetwarzaniem danych osobowych i w sprawie swobodnego przep\u0142ywu takich danych oraz uchylenia dyrektywy 95\/46\/WE, dalej: ,,RODO&#8221;.<\/p>\n\n\n\n<p>Je\u015bli chcesz skontaktowa\u0107 si\u0119 z nami w sprawach zwi\u0105zanych z przetwarzaniem Twoich danych osobowych mo\u017cesz to zrobi\u0107 za po\u015brednictwem adresu korespondencyjnego, pod adresem e-mail: kontakt@agnieszkaptakfizjoterapia.pl lub telefonicznie pod numerem telefonu +48 609 861 473.<\/p>\n\n\n\n<p><strong><u>Cel i podstawa prawna przetwarzania danych osobowych<\/u><\/strong><\/p>\n\n\n\n<p>Twoje dane osobowe przetwarzane s\u0105 w celu zawarcia umowy na \u015bwiadczenie us\u0142ug fizjoterapeutycznych i jej realizacji, obj\u0119cia Ciebie opiek\u0105 zdrowotn\u0105 w ramach wykonywanego przez fizjoterapeut\u0119 \u015bwiadczenia, jak r\u00f3wnie\u017c w celach kontaktowych.<\/p>\n\n\n\n<p>Twoje dane osobowe przetwarzane s\u0105 r\u00f3wnie\u017c w celach archiwalnych (dowodowych) b\u0119d\u0105cych realizacj\u0105 naszego prawnie uzasadnionego interesu zabezpieczenia informacji na wypadek prawnej potrzeby wykazania fakt\u00f3w, a tak\u017ce w celu ewentualnego ustalenia, dochodzenia roszcze\u0144 lub obrony przed roszczeniami, b\u0119d\u0105cego realizacj\u0105 naszego prawnie uzasadnionego interesu.<\/p>\n\n\n\n<p>Prowadzimy dla Ciebie dokumentacj\u0119 medyczn\u0105, kt\u00f3ra zawiera wszystkie informacje dotycz\u0105ce Twojego stanu zdrowia oraz \u015bwiadcze\u0144. Jest to niezb\u0119dne dla postawienia diagnozy i poprowadzenia w spos\u00f3b w\u0142a\u015bciwy Twojego procesu leczenia.<\/p>\n\n\n\n<p>Twoje dane osobowe w ograniczonym zakresie (bez ujawniania nazwiska i innych danych umo\u017cliwiaj\u0105cych identyfikacj\u0119 Twojej osoby) mog\u0105 by\u0107 przetwarzane w celach dydaktyczno-naukowych, jak i statystycznych.<\/p>\n\n\n\n<p>Przetwarzanie Twoich danych osobowych w celach dydaktyczno-naukowych, jak i statystycznych, przez Administratora dr n. o kul. fiz. Agnieszk\u0119 Ptak, b\u0119d\u0105c\u0105 zarazem wyk\u0142adowc\u0105 akademickim Wroc\u0142awskiej Akademii Wychowania Fizycznego, szkoleniowcem, autork\u0105 publikacji naukowych i popularnonaukowych oraz Cz\u0142onkiem Zarz\u0105du Fundacji Specjali\u015bci Dzieciom i Mi\u0119dzynarodowego Stowarzyszenia TAPAS, obejmuje co do zasady Twoje dane osobowe w zakresie stanu zdrowia jako&nbsp; studium przypadku medycznego i odbywa si\u0119 z poszanowaniem zasady minimalizacji danych, bez ujawniania nazwiska i innych danych umo\u017cliwiaj\u0105cych identyfikacj\u0119 Twojej osoby.<\/p>\n\n\n\n<p>Twoje dane osobowe przetwarzane s\u0105 przez Administratora w oparciu o:<\/p>\n\n\n\n<ul class=\"wp-block-list\">\n<li>art. 6 ust. 1 lit. b i c oraz art. 9 ust. 2 lit. h RODO w zw. z art. 25 pkt 1 ustawy o prawach pacjenta i Rzeczniku Praw Pacjenta oraz \u00a7 10 ust. 1 pkt 2 Rozporz\u0105dzenia MZ w ramach w\u0142a\u015bciwej rejestracji i udzielania \u015bwiadcze\u0144 zdrowotnych;<\/li>\n<\/ul>\n\n\n\n<ul class=\"wp-block-list\">\n<li>art. 9 ust. 2 lit. h RODO w zw. z art. 24 ust. 1 ustawy o prawach pacjenta i Rzeczniku Praw Pacjenta oraz Rozporz\u0105dzenia MZ w ramach prowadzenia Twojej dokumentacji medycznej;<\/li>\n<\/ul>\n\n\n\n<ul class=\"wp-block-list\">\n<li>art. 6 ust. 1 lit. b oraz f RODO, jako tzw. prawnie uzasadniony interes Administratora, jakim jest kontakt w sprawie przypomnienia o wizycie, jej prze\u0142o\u017ceniu oraz informacji o wynikach prowadzonej konsultacji;<\/li>\n<\/ul>\n\n\n\n<ul class=\"wp-block-list\">\n<li>art. 6 ust. 1 lit. b, c i f RODO, art. 9 ust. 2 lit. f RODO oraz w zw. z ustaw\u0105 z dnia 29 wrze\u015bnia 1994 r. o rachunkowo\u015bci mamy prawo przetwarza\u0107 Twoje dane r\u00f3wnie\u017c w celu dochodzenia ewentualnych roszcze\u0144 z uwagi na prowadzon\u0105 dzia\u0142alno\u015b\u0107 lub obrony przed nimi, a tak\u017ce w celach podatkowych;<\/li>\n<\/ul>\n\n\n\n<ul class=\"wp-block-list\">\n<li>art. 6 ust. 1 lit. f RODO i art. 9 ust. 2 lit. j RODO w zakresie przetwarzania danych w celach statystycznych;<\/li>\n<\/ul>\n\n\n\n<ul class=\"wp-block-list\">\n<li>art. 6 ust. 1 lit. f RODO,&nbsp; art. 9 ust. 2 lit. j RODO, art. 26 ust. 4 ustawy o prawach pacjenta i Rzeczniku Praw Pacjenta w zakresie przetwarzania danych w celach dydaktyczno-naukowych.<\/li>\n<\/ul>\n\n\n\n<p>Podstaw\u0105 przetwarzania danych w zakresie, jaki jest niezb\u0119dny dla ochrony \u017cywotnych interes\u00f3w pacjenta, mo\u017ce by\u0107 r\u00f3wnie\u017c art. 6 ust. 1 lit. d RODO i art. 9 ust. 2 lit. c RODO.<\/p>\n\n\n\n<p>Podstaw\u0105 przetwarzania Twoich danych osobowych mo\u017ce by\u0107 r\u00f3wnie\u017c art. 6 ust. 1 lit. a RODO i art. 9 ust. 2 lit. a RODO w zakresie obj\u0119tym Twoj\u0105 dobrowoln\u0105, \u015bwiadom\u0105 i jednoznaczn\u0105 zgod\u0105.<\/p>\n\n\n\n<p>Twoje dane osobowe s\u0105 lub mog\u0105 by\u0107 przetwarzane w oparciu o wiele podstaw prawnych, wobec czego nie zawsze Twoja zgoda jest konieczna dla zgodnego z prawem przetwarzania Twoich danych osobowych, co nie wy\u0142\u0105cza jednak Twoich uprawnie\u0144 wynikaj\u0105cych z RODO.<\/p>\n\n\n\n<p><strong><u>Odbiorcy danych<\/u><\/strong><\/p>\n\n\n\n<p>Dane osobowe mog\u0105 zosta\u0107 ujawnione innym podmiotom, w tym podmiotom wsp\u00f3\u0142pracuj\u0105cym z Administratorem w procesie \u015bwiadczenia us\u0142ug medycznych, podmiotom uprawnionym do uzyskania danych osobowych na podstawie przepis\u00f3w prawa, podwykonawcom (podmiotom przetwarzaj\u0105cym), np. firmy ksi\u0119gowe, prawnicze, informatyczne, likwidatorzy szk\u00f3d, wykonawcy us\u0142ug w ramach likwidacji szk\u00f3d), dostawcy zewn\u0119trznych us\u0142ug takich jak serwisowanie lub licencjonowanie oprogramowania np. aplikacja Finezjo przeznaczona do prowadzenia elektronicznej wewn\u0119trznej dokumentacji medycznej. Dane w zakresie stanu zdrowia i udzielonych pacjentowi \u015bwiadcze\u0144 s\u0105 udost\u0119pniane tak\u017ce w ramach raportowania wynikaj\u0105cego z przepis\u00f3w ustawy z dnia 28 kwietnia 2011 r. o systemie informacji w ochronie zdrowia do Centrum e-Zdrowia z siedzib\u0105 w Warszawie przy ul. Stanis\u0142awa Dubois 5a do platformy P1.<\/p>\n\n\n\n<p><strong><u>Profilowanie oraz przekazywanie danych do pa\u0144stw trzecich<\/u><\/strong><\/p>\n\n\n\n<p>Profilowanie polega na tym, i\u017c na podstawie zgromadzonych o Tobie informacji jeste\u015bmy uprawnieni do tworzenia profili preferencji naszych pacjent\u00f3w, kt\u00f3rych dane osobowe znajduj\u0105 si\u0119 w naszych bazach. W oparciu o to dostosowujemy nasze us\u0142ugi oraz kierowane do Ciebie komunikaty. Ka\u017cdorazowo dzia\u0142anie to odbywa si\u0119 wraz z ingerencj\u0105 cz\u0142owieka, nie w spos\u00f3b automatyczny. Pami\u0119taj, \u017ce mo\u017cliwo\u015b\u0107 niepodlegania automatycznym decyzjom w tym zakresie jest Twoim podstawowym uprawnieniem, z kt\u00f3rego mo\u017cesz skorzysta\u0107 w ka\u017cdej chwili.<\/p>\n\n\n\n<p>Administrator mo\u017ce korzysta\u0107 z us\u0142ug podmiot\u00f3w zewn\u0119trznych dostarczaj\u0105cych us\u0142ugi niezb\u0119dne dla prawid\u0142owej realizacji \u015bwiadcze\u0144 zdrowotnych a w zwi\u0105zku z tym Twoje dane osobowe mog\u0105 by\u0107 przekazywane poza teren Unii Europejskiej np. w przypadku serwisowania oprogramowania informatycznego. Zapewniamy, \u017ce przekazywanie danych zabezpieczone zostanie w spos\u00f3b w\u0142a\u015bciwy m. in. w oparciu o stosown\u0105 umow\u0119 zawieraj\u0105c\u0105 standardowe klauzule przyj\u0119te przez Komisj\u0119 Europejsk\u0105.<\/p>\n\n\n\n<p><strong><u>Podaje moje dane osobowe dobrowolnie czy obowi\u0105zkowo?<\/u><\/strong><\/p>\n\n\n\n<p>Podanie przez Ciebie danych osobowych jest w pe\u0142ni dobrowolne, jednak\u017ce ich niepodanie mo\u017ce skutkowa\u0107 odmow\u0105 um\u00f3wienia wizyty czy nawet samego \u015bwiadczenia zdrowotnego. Administrator, \u015bwiadcz\u0105c us\u0142ugi z zakresu fizjoterapeutycznego, jest zobowi\u0105zany do prowadzenia dokumentacji medycznej w spos\u00f3b okre\u015blony przepisami prawa, w tym do oznaczenia to\u017csamo\u015bci pacjenta z wykorzystaniem jego danych osobowych. Niepodanie numeru telefonu oraz adresu e-mail nie wp\u0142ywa na udzielanie \u015bwiadczenia zdrowotnego, chocia\u017c w wielu przypadkach usprawnia to w stopniu znacz\u0105cym komunikacj\u0119 i jako\u015b\u0107 \u015bwiadczonych us\u0142ug.<\/p>\n\n\n\n<p><strong><u>Czas przez jaki przetwarzamy Twoje dane osobowe<\/u><\/strong><\/p>\n\n\n\n<p>Pami\u0119taj, \u017ce je\u015bli korzystasz z naszych us\u0142ug Twoje dane osobowe b\u0119d\u0105 przetwarzane przez Administratora co najmniej przez okres 20 lat od dnia dokonania wpisu w Twojej dokumentacji medycznej. Dodatkowo dane te mog\u0105 by\u0107 przez nas przetwarzane w celu dochodzenia roszcze\u0144 przez okres wynikaj\u0105cy z przepis\u00f3w prawa cywilnego oraz z uwagi na wzgl\u0119dy podatkowe przez 5 lat liczonych od ko\u0144ca roku kalendarzowego, w kt\u00f3rym powsta\u0142 obowi\u0105zek podatkowy. Je\u017celi dla przetwarzania Twoich danych osobowych konieczne by\u0142o uzyskanie Twojej zgody, Twoje dane osobowe b\u0119d\u0105 przetwarzane przez okres uzasadniony celem ich przetwarzania, jednak nie d\u0142u\u017cej ni\u017c do czasu cofni\u0119cia zgody na ich przetwarzanie. Po up\u0142ywie wy\u017cej wymienionych okres\u00f3w Twoje dane s\u0105 usuwane lub poddawane anonimizacji.<\/p>\n\n\n\n<p><strong><u>Informacja o przys\u0142uguj\u0105cych Ci prawach<\/u><\/strong><\/p>\n\n\n\n<p>Administrator zapewnia Ci prawo dost\u0119pu do Twoich danych, mo\u017cesz je r\u00f3wnie\u017c sprostowa\u0107, \u017c\u0105da\u0107 ich usuni\u0119cia lub ograniczenia ich przetwarzania. Mo\u017cesz tak\u017ce skorzysta\u0107 z uprawnienia do z\u0142o\u017cenia wobec Administratora sprzeciwu wobec przetwarzania Twoich danych oraz prawa do przenoszenia danych do innego administratora danych.<\/p>\n\n\n\n<p>W odniesieniu do danych osobowych przetwarzanych przez Administratora na podstawie zgody, masz&nbsp; prawo do cofni\u0119cia zgody w dowolnym momencie bez wp\u0142ywu na zgodno\u015b\u0107 z prawem przetwarzania, kt\u00f3rego dokonano na podstawie zgody przed jej cofni\u0119ciem.<\/p>\n\n\n\n<p>Informujemy tak\u017ce, \u017ce przys\u0142uguje Ci prawo wniesienia skargi do organu nadzoruj\u0105cego przestrzeganie przepis\u00f3w ochrony danych osobowych, tj. mo\u017cesz j\u0105 z\u0142o\u017cy\u0107 do Prezesa UODO koresponduj\u0105c na wskazany poni\u017cej adres:<\/p>\n\n\n\n<p>Urz\u0105d Ochrony Danych Osobowych<\/p>\n\n\n\n<p>ul. Stawki 2<\/p>\n\n\n\n<p>00 &#8211; 193 Warszawa<\/p>\n\n\n\n<p><\/p>\n\n\n\n<p><\/p>\n\n\n\n<p>Niniejsza Klauzula informacyjna opracowana zosta\u0142a w oparciu o wz\u00f3r udost\u0119pniony przez Krajow\u0105 Izb\u0119 Fizjoterapeut\u00f3w z uwzgl\u0119dnieniem specyfiki prowadzonej przez Administratora dzia\u0142alno\u015bci gospodarczej i celu przetwarzania przez niego danych osobowych.<\/p>\n\n\n\n<p><\/p>\n","protected":false},"excerpt":{"rendered":"<p>KLAUZULA OBOWI\u0104ZKU INFORMACYJNEGO Administratorem Twoich danych osobowych jest Agnieszka Ptak, prowadz\u0105ca dzia\u0142alno\u015b\u0107 gospodarcz\u0105 pod nazw\u0105 US\u0141UGI TERAPEUTYCZNO-SZKOLENIOWE AGNIESZKA PTAK, ul. Wile\u0144ska 25\/4, 52-113 Wroc\u0142aw, NIP 8992330212, REGON 022066281., dalej: \u201eAdministrator&#8221; w rozumieniu art. 4 ust. 7 Rozporz\u0105dzenia Parlamentu Europejskiego i Rady (UE) 2016\/679 z dnia 27 kwietnia 2016 r. w sprawie ochrony os\u00f3b fizycznych w [&hellip;]<\/p>\n","protected":false},"author":1,"featured_media":0,"parent":0,"menu_order":0,"comment_status":"closed","ping_status":"closed","template":"","meta":{"footnotes":""},"class_list":["post-252","page","type-page","status-publish","hentry"],"_links":{"self":[{"href":"https:\/\/agnieszkaptakfizjoterapia.pl\/index.php?rest_route=\/wp\/v2\/pages\/252","targetHints":{"allow":["GET"]}}],"collection":[{"href":"https:\/\/agnieszkaptakfizjoterapia.pl\/index.php?rest_route=\/wp\/v2\/pages"}],"about":[{"href":"https:\/\/agnieszkaptakfizjoterapia.pl\/index.php?rest_route=\/wp\/v2\/types\/page"}],"author":[{"embeddable":true,"href":"https:\/\/agnieszkaptakfizjoterapia.pl\/index.php?rest_route=\/wp\/v2\/users\/1"}],"replies":[{"embeddable":true,"href":"https:\/\/agnieszkaptakfizjoterapia.pl\/index.php?rest_route=%2Fwp%2Fv2%2Fcomments&post=252"}],"version-history":[{"count":2,"href":"https:\/\/agnieszkaptakfizjoterapia.pl\/index.php?rest_route=\/wp\/v2\/pages\/252\/revisions"}],"predecessor-version":[{"id":254,"href":"https:\/\/agnieszkaptakfizjoterapia.pl\/index.php?rest_route=\/wp\/v2\/pages\/252\/revisions\/254"}],"wp:attachment":[{"href":"https:\/\/agnieszkaptakfizjoterapia.pl\/index.php?rest_route=%2Fwp%2Fv2%2Fmedia&parent=252"}],"curies":[{"name":"wp","href":"https:\/\/api.w.org\/{rel}","templated":true}]}}